{"id":30625,"date":"2023-03-23T15:15:45","date_gmt":"2023-03-23T13:15:45","guid":{"rendered":"https:\/\/apotheke.astrea-bulletin.ch\/mentions-legales\/"},"modified":"2024-12-26T14:43:30","modified_gmt":"2024-12-26T12:43:30","slug":"mentions-legales","status":"publish","type":"page","link":"https:\/\/astrea-apotheke.ch\/fr\/mentions-legales\/","title":{"rendered":"Mentions l\u00e9gales"},"content":{"rendered":"<p><div class=\"fusion-fullwidth fullwidth-box fusion-builder-row-1 fusion-flex-container has-pattern-background has-mask-background nonhundred-percent-fullwidth non-hundred-percent-height-scrolling\" style=\"--awb-border-radius-top-left:0px;--awb-border-radius-top-right:0px;--awb-border-radius-bottom-right:0px;--awb-border-radius-bottom-left:0px;--awb-flex-wrap:wrap;\" ><div class=\"fusion-builder-row fusion-row fusion-flex-align-items-flex-start fusion-flex-content-wrap\" style=\"max-width:1302px;margin-left: calc(-5% \/ 2 );margin-right: calc(-5% \/ 2 );\"><div class=\"fusion-layout-column fusion_builder_column fusion-builder-column-0 fusion_builder_column_1_1 1_1 fusion-flex-column\" style=\"--awb-bg-size:cover;--awb-width-large:100%;--awb-margin-top-large:0px;--awb-spacing-right-large:2.375%;--awb-margin-bottom-large:0px;--awb-spacing-left-large:2.375%;--awb-width-medium:100%;--awb-order-medium:0;--awb-spacing-right-medium:2.375%;--awb-spacing-left-medium:2.375%;--awb-width-small:100%;--awb-order-small:0;--awb-spacing-right-small:2.375%;--awb-spacing-left-small:2.375%;\"><div class=\"fusion-column-wrapper fusion-column-has-shadow fusion-flex-justify-content-flex-start fusion-content-layout-column\"><nav class=\"fusion-breadcrumbs awb-yoast-breadcrumbs fusion-breadcrumbs-1\" style=\"--awb-margin-top:20px;--awb-margin-bottom:20px;--awb-text-color:var(--awb-color5);--awb-breadcrumb-sep:&#039;\/\/&#039;;\" aria-label=\"Breadcrumb\"><span><span><a href=\"https:\/\/astrea-apotheke.ch\/fr\/\">Startseite<\/a><\/span><\/span><\/nav><div id=\"astre-3626577251\" style=\"margin-top: 60px;margin-bottom: 60px;margin-left: auto;margin-right: auto;text-align: center;\"><a href=\"https:\/\/skyvell.com\" target=\"_blank\" aria-label=\"#Skyvell_Newsletter_DE_1\"><img class=\"lazyload\" decoding=\"async\" src=\"https:\/\/astrea-apotheke.ch\/wp-content\/uploads\/2025\/01\/Skyvell_Newsletter_DE_1.jpg\" data-orig-src=\"https:\/\/astrea-apotheke.ch\/wp-content\/uploads\/2025\/01\/Skyvell_Newsletter_DE_1.jpg\" alt=\"\"  srcset=\"data:image\/svg+xml,%3Csvg%20xmlns%3D%27http%3A%2F%2Fwww.w3.org%2F2000%2Fsvg%27%20width%3D%271025%27%20height%3D%27350%27%20viewBox%3D%270%200%201025%20350%27%3E%3Crect%20width%3D%271025%27%20height%3D%27350%27%20fill-opacity%3D%220%22%2F%3E%3C%2Fsvg%3E\" data-srcset=\"https:\/\/astrea-apotheke.ch\/wp-content\/uploads\/2025\/01\/Skyvell_Newsletter_DE_1-200x68.jpg 200w, https:\/\/astrea-apotheke.ch\/wp-content\/uploads\/2025\/01\/Skyvell_Newsletter_DE_1-300x102.jpg 300w, https:\/\/astrea-apotheke.ch\/wp-content\/uploads\/2025\/01\/Skyvell_Newsletter_DE_1-400x137.jpg 400w, https:\/\/astrea-apotheke.ch\/wp-content\/uploads\/2025\/01\/Skyvell_Newsletter_DE_1-600x205.jpg 600w, https:\/\/astrea-apotheke.ch\/wp-content\/uploads\/2025\/01\/Skyvell_Newsletter_DE_1-768x262.jpg 768w, https:\/\/astrea-apotheke.ch\/wp-content\/uploads\/2025\/01\/Skyvell_Newsletter_DE_1-800x273.jpg 800w, https:\/\/astrea-apotheke.ch\/wp-content\/uploads\/2025\/01\/Skyvell_Newsletter_DE_1.jpg 1025w\" data-sizes=\"auto\" data-orig-sizes=\"(max-width: 1025px) 100vw, 1025px\" width=\"1025\" height=\"350\"  style=\"display: inline-block;\" \/><\/a><\/div><\/div><\/div><\/div><\/div>\n<div class=\"fusion-fullwidth fullwidth-box fusion-builder-row-2 fusion-flex-container has-pattern-background has-mask-background nonhundred-percent-fullwidth non-hundred-percent-height-scrolling\" style=\"--awb-border-radius-top-left:0px;--awb-border-radius-top-right:0px;--awb-border-radius-bottom-right:0px;--awb-border-radius-bottom-left:0px;--awb-flex-wrap:wrap;\" ><div class=\"fusion-builder-row fusion-row fusion-flex-align-items-flex-start fusion-flex-content-wrap\" style=\"max-width:1302px;margin-left: calc(-5% \/ 2 );margin-right: calc(-5% \/ 2 );\"><div class=\"fusion-layout-column fusion_builder_column fusion-builder-column-1 fusion_builder_column_1_1 1_1 fusion-flex-column\" style=\"--awb-bg-size:cover;--awb-width-large:100%;--awb-margin-top-large:0px;--awb-spacing-right-large:2.375%;--awb-margin-bottom-large:0px;--awb-spacing-left-large:2.375%;--awb-width-medium:100%;--awb-order-medium:0;--awb-spacing-right-medium:2.375%;--awb-spacing-left-medium:2.375%;--awb-width-small:100%;--awb-order-small:0;--awb-spacing-right-small:2.375%;--awb-spacing-left-small:2.375%;\"><div class=\"fusion-column-wrapper fusion-column-has-shadow fusion-flex-justify-content-flex-start fusion-content-layout-column\"><div class=\"fusion-title title fusion-title-1 fusion-sep-none fusion-title-text fusion-title-size-one\" style=\"--awb-font-size:var(--awb-typography1-font-size);\"><h1 class=\"fusion-title-heading title-heading-left\" style=\"font-family:var(--awb-typography1-font-family);font-weight:var(--awb-typography1-font-weight);font-style:var(--awb-typography1-font-style);margin:0;font-size:1em;letter-spacing:var(--awb-typography1-letter-spacing);line-height:var(--awb-typography1-line-height);\">Mentions l\u00e9gales<\/h1><\/div>\n<div class=\"fusion-title title fusion-title-2 fusion-sep-none fusion-title-text fusion-title-size-four\"><h4 class=\"fusion-title-heading title-heading-left\" style=\"margin:0;\"><strong>Adresse de contact<\/strong><\/h4><\/div><div class=\"fusion-text fusion-text-1\"><p>Healthcare Consulting Group AG<br \/>\nBaarerstrasse 112<br \/>\n6300 Zug<br \/>\nE-mail : info@astrea-apotheke.ch<\/p>\n<\/div><div class=\"fusion-title title fusion-title-3 fusion-sep-none fusion-title-text fusion-title-size-four\"><h4 class=\"fusion-title-heading title-heading-left\" style=\"margin:0;\"><strong>Personnes autoris\u00e9es \u00e0 repr\u00e9senter l&rsquo;entreprise<\/strong><\/h4><\/div><div class=\"fusion-text fusion-text-2\"><p>Beat Frei<\/p>\n<\/div><div class=\"fusion-title title fusion-title-4 fusion-sep-none fusion-title-text fusion-title-size-four\"><h4 class=\"fusion-title-heading title-heading-left\" style=\"margin:0;\"><strong>Clause de non-responsabilit\u00e9<\/strong><\/h4><\/div><div class=\"fusion-text fusion-text-3\"><p class=\"has-roboto-font-family\">L&rsquo;auteur n&rsquo;assume aucune responsabilit\u00e9 quant \u00e0 la v\u00e9racit\u00e9, l&rsquo;exactitude, l&rsquo;actualit\u00e9, la fiabilit\u00e9 et l&rsquo;exhaustivit\u00e9 du contenu des informations.<\/p>\n<p class=\"has-roboto-font-family\">L&rsquo;auteur ne saurait \u00eatre tenu pour responsable des dommages mat\u00e9riels ou immat\u00e9riels qui pourraient \u00eatre caus\u00e9s par l&rsquo;acc\u00e8s aux informations diffus\u00e9es ou par leur utilisation ou non-utilisation, par le mauvais usage de la connexion ou par des probl\u00e8mes techniques.<\/p>\n<p class=\"has-roboto-font-family\">Toutes les offres sont sans engagement. L&rsquo;auteur se r\u00e9serve express\u00e9ment le droit de modifier, de compl\u00e9ter ou de supprimer des parties de pages ou l&rsquo;ensemble de l&rsquo;offre sans pr\u00e9avis particulier, ou d&rsquo;en suspendre temporairement ou d\u00e9finitivement la publication.<\/p>\n<\/div><div class=\"fusion-title title fusion-title-5 fusion-sep-none fusion-title-text fusion-title-size-four\"><h4 class=\"fusion-title-heading title-heading-left\" style=\"margin:0;\"><strong>Clause de non-responsabilit\u00e9 pour les liens<\/strong><\/h4><\/div><div class=\"fusion-text fusion-text-4\"><p>Les r\u00e9f\u00e9rences et les liens vers des sites web de tiers ne rel\u00e8vent pas de notre responsabilit\u00e9. Nous d\u00e9clinons toute responsabilit\u00e9 pour de tels sites. L&rsquo;acc\u00e8s \u00e0 ces sites et leur utilisation se font aux risques et p\u00e9rils de l&rsquo;utilisateur.<\/p>\n<\/div><div class=\"fusion-title title fusion-title-6 fusion-sep-none fusion-title-text fusion-title-size-four\"><h4 class=\"fusion-title-heading title-heading-left\" style=\"margin:0;\"><strong>Droits d&rsquo;auteur<\/strong><\/h4><\/div><div class=\"fusion-text fusion-text-5\"><p>Les droits d&rsquo;auteur et tous les autres droits li\u00e9s aux contenus, images, photos ou autres fichiers pr\u00e9sents sur ce site Internet appartiennent exclusivement \u00e0 Healthcare Consulting Group AG ou aux titulaires de droits sp\u00e9cifiquement mentionn\u00e9s. La reproduction de tout \u00e9l\u00e9ment doit faire l&rsquo;objet d&rsquo;une autorisation \u00e9crite pr\u00e9alable du titulaire des droits d&rsquo;auteur.<\/p>\n<\/div><\/div><\/div><\/div><\/div><\/p>\n","protected":false},"excerpt":{"rendered":"","protected":false},"author":1,"featured_media":0,"parent":0,"menu_order":0,"comment_status":"closed","ping_status":"closed","template":"100-width.php","meta":{"_acf_changed":false,"footnotes":""},"class_list":["post-30625","page","type-page","status-publish","hentry"],"acf":[],"yoast_head":"<!-- This site is optimized with the Yoast SEO plugin v27.0 - https:\/\/yoast.com\/product\/yoast-seo-wordpress\/ -->\n<title>Mentions l\u00e9gales - Astrea Aptheke<\/title>\n<meta name=\"robots\" content=\"index, follow, max-snippet:-1, max-image-preview:large, max-video-preview:-1\" \/>\n<link rel=\"canonical\" href=\"https:\/\/astrea-apotheke.ch\/fr\/mentions-legales\/\" \/>\n<meta property=\"og:locale\" content=\"fr_FR\" \/>\n<meta property=\"og:type\" content=\"article\" \/>\n<meta property=\"og:title\" content=\"Mentions l\u00e9gales - Astrea Aptheke\" \/>\n<meta property=\"og:url\" content=\"https:\/\/astrea-apotheke.ch\/fr\/mentions-legales\/\" \/>\n<meta property=\"og:site_name\" content=\"Astrea Aptheke\" \/>\n<meta property=\"article:modified_time\" content=\"2024-12-26T12:43:30+00:00\" \/>\n<meta name=\"twitter:card\" content=\"summary_large_image\" \/>\n<meta name=\"twitter:label1\" content=\"Dur\u00e9e de lecture estim\u00e9e\" \/>\n\t<meta name=\"twitter:data1\" content=\"10 minutes\" \/>\n<script type=\"application\/ld+json\" class=\"yoast-schema-graph\">{\"@context\":\"https:\/\/schema.org\",\"@graph\":[{\"@type\":\"WebPage\",\"@id\":\"https:\/\/astrea-apotheke.ch\/fr\/mentions-legales\/\",\"url\":\"https:\/\/astrea-apotheke.ch\/fr\/mentions-legales\/\",\"name\":\"Mentions l\u00e9gales - Astrea Aptheke\",\"isPartOf\":{\"@id\":\"https:\/\/astrea-apotheke.ch\/fr\/#website\"},\"datePublished\":\"2023-03-23T13:15:45+00:00\",\"dateModified\":\"2024-12-26T12:43:30+00:00\",\"breadcrumb\":{\"@id\":\"https:\/\/astrea-apotheke.ch\/fr\/mentions-legales\/#breadcrumb\"},\"inLanguage\":\"fr-FR\",\"potentialAction\":[{\"@type\":\"ReadAction\",\"target\":[\"https:\/\/astrea-apotheke.ch\/fr\/mentions-legales\/\"]}]},{\"@type\":\"BreadcrumbList\",\"@id\":\"https:\/\/astrea-apotheke.ch\/fr\/mentions-legales\/#breadcrumb\",\"itemListElement\":[{\"@type\":\"ListItem\",\"position\":1,\"name\":\"Startseite\",\"item\":\"https:\/\/astrea-apotheke.ch\/fr\/\"},{\"@type\":\"ListItem\",\"position\":2,\"name\":\"Mentions l\u00e9gales\"}]},{\"@type\":\"WebSite\",\"@id\":\"https:\/\/astrea-apotheke.ch\/fr\/#website\",\"url\":\"https:\/\/astrea-apotheke.ch\/fr\/\",\"name\":\"astrea Bulletin\",\"description\":\"Gesundheitsmagazin\",\"publisher\":{\"@id\":\"https:\/\/astrea-apotheke.ch\/fr\/#organization\"},\"potentialAction\":[{\"@type\":\"SearchAction\",\"target\":{\"@type\":\"EntryPoint\",\"urlTemplate\":\"https:\/\/astrea-apotheke.ch\/fr\/?s={search_term_string}\"},\"query-input\":{\"@type\":\"PropertyValueSpecification\",\"valueRequired\":true,\"valueName\":\"search_term_string\"}}],\"inLanguage\":\"fr-FR\"},{\"@type\":\"Organization\",\"@id\":\"https:\/\/astrea-apotheke.ch\/fr\/#organization\",\"name\":\"astrea Bulletin\",\"url\":\"https:\/\/astrea-apotheke.ch\/fr\/\",\"logo\":{\"@type\":\"ImageObject\",\"inLanguage\":\"fr-FR\",\"@id\":\"https:\/\/astrea-apotheke.ch\/fr\/#\/schema\/logo\/image\/\",\"url\":\"http:\/\/apotheke.astrea-bulletin.ch\/wp-content\/uploads\/2024\/08\/Logo_Astrea-Bulletin_RGB.jpg\",\"contentUrl\":\"http:\/\/apotheke.astrea-bulletin.ch\/wp-content\/uploads\/2024\/08\/Logo_Astrea-Bulletin_RGB.jpg\",\"width\":1429,\"height\":560,\"caption\":\"astrea Bulletin\"},\"image\":{\"@id\":\"https:\/\/astrea-apotheke.ch\/fr\/#\/schema\/logo\/image\/\"}}]}<\/script>\n<!-- \/ Yoast SEO plugin. -->","yoast_head_json":{"title":"Mentions l\u00e9gales - Astrea Aptheke","robots":{"index":"index","follow":"follow","max-snippet":"max-snippet:-1","max-image-preview":"max-image-preview:large","max-video-preview":"max-video-preview:-1"},"canonical":"https:\/\/astrea-apotheke.ch\/fr\/mentions-legales\/","og_locale":"fr_FR","og_type":"article","og_title":"Mentions l\u00e9gales - Astrea Aptheke","og_url":"https:\/\/astrea-apotheke.ch\/fr\/mentions-legales\/","og_site_name":"Astrea Aptheke","article_modified_time":"2024-12-26T12:43:30+00:00","twitter_card":"summary_large_image","twitter_misc":{"Dur\u00e9e de lecture estim\u00e9e":"10 minutes"},"schema":{"@context":"https:\/\/schema.org","@graph":[{"@type":"WebPage","@id":"https:\/\/astrea-apotheke.ch\/fr\/mentions-legales\/","url":"https:\/\/astrea-apotheke.ch\/fr\/mentions-legales\/","name":"Mentions l\u00e9gales - Astrea Aptheke","isPartOf":{"@id":"https:\/\/astrea-apotheke.ch\/fr\/#website"},"datePublished":"2023-03-23T13:15:45+00:00","dateModified":"2024-12-26T12:43:30+00:00","breadcrumb":{"@id":"https:\/\/astrea-apotheke.ch\/fr\/mentions-legales\/#breadcrumb"},"inLanguage":"fr-FR","potentialAction":[{"@type":"ReadAction","target":["https:\/\/astrea-apotheke.ch\/fr\/mentions-legales\/"]}]},{"@type":"BreadcrumbList","@id":"https:\/\/astrea-apotheke.ch\/fr\/mentions-legales\/#breadcrumb","itemListElement":[{"@type":"ListItem","position":1,"name":"Startseite","item":"https:\/\/astrea-apotheke.ch\/fr\/"},{"@type":"ListItem","position":2,"name":"Mentions l\u00e9gales"}]},{"@type":"WebSite","@id":"https:\/\/astrea-apotheke.ch\/fr\/#website","url":"https:\/\/astrea-apotheke.ch\/fr\/","name":"astrea Bulletin","description":"Gesundheitsmagazin","publisher":{"@id":"https:\/\/astrea-apotheke.ch\/fr\/#organization"},"potentialAction":[{"@type":"SearchAction","target":{"@type":"EntryPoint","urlTemplate":"https:\/\/astrea-apotheke.ch\/fr\/?s={search_term_string}"},"query-input":{"@type":"PropertyValueSpecification","valueRequired":true,"valueName":"search_term_string"}}],"inLanguage":"fr-FR"},{"@type":"Organization","@id":"https:\/\/astrea-apotheke.ch\/fr\/#organization","name":"astrea Bulletin","url":"https:\/\/astrea-apotheke.ch\/fr\/","logo":{"@type":"ImageObject","inLanguage":"fr-FR","@id":"https:\/\/astrea-apotheke.ch\/fr\/#\/schema\/logo\/image\/","url":"http:\/\/apotheke.astrea-bulletin.ch\/wp-content\/uploads\/2024\/08\/Logo_Astrea-Bulletin_RGB.jpg","contentUrl":"http:\/\/apotheke.astrea-bulletin.ch\/wp-content\/uploads\/2024\/08\/Logo_Astrea-Bulletin_RGB.jpg","width":1429,"height":560,"caption":"astrea Bulletin"},"image":{"@id":"https:\/\/astrea-apotheke.ch\/fr\/#\/schema\/logo\/image\/"}}]}},"_links":{"self":[{"href":"https:\/\/astrea-apotheke.ch\/fr\/wp-json\/wp\/v2\/pages\/30625","targetHints":{"allow":["GET"]}}],"collection":[{"href":"https:\/\/astrea-apotheke.ch\/fr\/wp-json\/wp\/v2\/pages"}],"about":[{"href":"https:\/\/astrea-apotheke.ch\/fr\/wp-json\/wp\/v2\/types\/page"}],"author":[{"embeddable":true,"href":"https:\/\/astrea-apotheke.ch\/fr\/wp-json\/wp\/v2\/users\/1"}],"replies":[{"embeddable":true,"href":"https:\/\/astrea-apotheke.ch\/fr\/wp-json\/wp\/v2\/comments?post=30625"}],"version-history":[{"count":2,"href":"https:\/\/astrea-apotheke.ch\/fr\/wp-json\/wp\/v2\/pages\/30625\/revisions"}],"predecessor-version":[{"id":30627,"href":"https:\/\/astrea-apotheke.ch\/fr\/wp-json\/wp\/v2\/pages\/30625\/revisions\/30627"}],"wp:attachment":[{"href":"https:\/\/astrea-apotheke.ch\/fr\/wp-json\/wp\/v2\/media?parent=30625"}],"curies":[{"name":"wp","href":"https:\/\/api.w.org\/{rel}","templated":true}]}}