{"id":30761,"date":"2024-08-30T13:54:54","date_gmt":"2024-08-30T11:54:54","guid":{"rendered":"https:\/\/apotheke.astrea-bulletin.ch\/?page_id=30761"},"modified":"2024-12-27T11:13:38","modified_gmt":"2024-12-27T09:13:38","slug":"conditions-generales-de-vente","status":"publish","type":"page","link":"https:\/\/astrea-apotheke.ch\/fr\/conditions-generales-de-vente\/","title":{"rendered":"Conditions g\u00e9n\u00e9rales de vente"},"content":{"rendered":"<p><div class=\"fusion-fullwidth fullwidth-box fusion-builder-row-1 fusion-flex-container has-pattern-background has-mask-background nonhundred-percent-fullwidth non-hundred-percent-height-scrolling\" style=\"--awb-border-radius-top-left:0px;--awb-border-radius-top-right:0px;--awb-border-radius-bottom-right:0px;--awb-border-radius-bottom-left:0px;--awb-flex-wrap:wrap;\" ><div class=\"fusion-builder-row fusion-row fusion-flex-align-items-flex-start fusion-flex-content-wrap\" style=\"max-width:1302px;margin-left: calc(-5% \/ 2 );margin-right: calc(-5% \/ 2 );\"><div class=\"fusion-layout-column fusion_builder_column fusion-builder-column-0 fusion_builder_column_1_1 1_1 fusion-flex-column\" style=\"--awb-bg-size:cover;--awb-width-large:100%;--awb-margin-top-large:0px;--awb-spacing-right-large:2.375%;--awb-margin-bottom-large:0px;--awb-spacing-left-large:2.375%;--awb-width-medium:100%;--awb-order-medium:0;--awb-spacing-right-medium:2.375%;--awb-spacing-left-medium:2.375%;--awb-width-small:100%;--awb-order-small:0;--awb-spacing-right-small:2.375%;--awb-spacing-left-small:2.375%;\"><div class=\"fusion-column-wrapper fusion-column-has-shadow fusion-flex-justify-content-flex-start fusion-content-layout-column\"><nav class=\"fusion-breadcrumbs awb-yoast-breadcrumbs fusion-breadcrumbs-1\" style=\"--awb-margin-top:20px;--awb-margin-bottom:20px;--awb-text-color:var(--awb-color5);--awb-breadcrumb-sep:&#039;\/\/&#039;;\" aria-label=\"Breadcrumb\"><span><span><a href=\"https:\/\/astrea-apotheke.ch\/fr\/\">Startseite<\/a><\/span><\/span><\/nav><div id=\"astre-1543150274\" style=\"margin-top: 60px;margin-bottom: 60px;margin-left: auto;margin-right: auto;text-align: center;\"><a href=\"https:\/\/skyvell.com\" target=\"_blank\" aria-label=\"#Skyvell_Newsletter_DE_1\"><img class=\"lazyload\" decoding=\"async\" src=\"https:\/\/astrea-apotheke.ch\/wp-content\/uploads\/2025\/01\/Skyvell_Newsletter_DE_1.jpg\" data-orig-src=\"https:\/\/astrea-apotheke.ch\/wp-content\/uploads\/2025\/01\/Skyvell_Newsletter_DE_1.jpg\" alt=\"\"  srcset=\"data:image\/svg+xml,%3Csvg%20xmlns%3D%27http%3A%2F%2Fwww.w3.org%2F2000%2Fsvg%27%20width%3D%271025%27%20height%3D%27350%27%20viewBox%3D%270%200%201025%20350%27%3E%3Crect%20width%3D%271025%27%20height%3D%27350%27%20fill-opacity%3D%220%22%2F%3E%3C%2Fsvg%3E\" data-srcset=\"https:\/\/astrea-apotheke.ch\/wp-content\/uploads\/2025\/01\/Skyvell_Newsletter_DE_1-200x68.jpg 200w, https:\/\/astrea-apotheke.ch\/wp-content\/uploads\/2025\/01\/Skyvell_Newsletter_DE_1-300x102.jpg 300w, https:\/\/astrea-apotheke.ch\/wp-content\/uploads\/2025\/01\/Skyvell_Newsletter_DE_1-400x137.jpg 400w, https:\/\/astrea-apotheke.ch\/wp-content\/uploads\/2025\/01\/Skyvell_Newsletter_DE_1-600x205.jpg 600w, https:\/\/astrea-apotheke.ch\/wp-content\/uploads\/2025\/01\/Skyvell_Newsletter_DE_1-768x262.jpg 768w, https:\/\/astrea-apotheke.ch\/wp-content\/uploads\/2025\/01\/Skyvell_Newsletter_DE_1-800x273.jpg 800w, https:\/\/astrea-apotheke.ch\/wp-content\/uploads\/2025\/01\/Skyvell_Newsletter_DE_1.jpg 1025w\" data-sizes=\"auto\" data-orig-sizes=\"(max-width: 1025px) 100vw, 1025px\" width=\"1025\" height=\"350\"  style=\"display: inline-block;\" \/><\/a><\/div><\/div><\/div><\/div><\/div>\n<div class=\"fusion-fullwidth fullwidth-box fusion-builder-row-2 fusion-flex-container has-pattern-background has-mask-background nonhundred-percent-fullwidth non-hundred-percent-height-scrolling\" style=\"--awb-border-radius-top-left:0px;--awb-border-radius-top-right:0px;--awb-border-radius-bottom-right:0px;--awb-border-radius-bottom-left:0px;--awb-flex-wrap:wrap;\" ><div class=\"fusion-builder-row fusion-row fusion-flex-align-items-flex-start fusion-flex-content-wrap\" style=\"max-width:1302px;margin-left: calc(-5% \/ 2 );margin-right: calc(-5% \/ 2 );\"><div class=\"fusion-layout-column fusion_builder_column fusion-builder-column-1 fusion_builder_column_1_1 1_1 fusion-flex-column\" style=\"--awb-bg-size:cover;--awb-width-large:100%;--awb-margin-top-large:0px;--awb-spacing-right-large:2.375%;--awb-margin-bottom-large:0px;--awb-spacing-left-large:2.375%;--awb-width-medium:100%;--awb-order-medium:0;--awb-spacing-right-medium:2.375%;--awb-spacing-left-medium:2.375%;--awb-width-small:100%;--awb-order-small:0;--awb-spacing-right-small:2.375%;--awb-spacing-left-small:2.375%;\"><div class=\"fusion-column-wrapper fusion-column-has-shadow fusion-flex-justify-content-flex-start fusion-content-layout-column\"><div class=\"fusion-title title fusion-title-1 fusion-sep-none fusion-title-text fusion-title-size-one\" style=\"--awb-font-size:var(--awb-typography1-font-size);\"><h1 class=\"fusion-title-heading title-heading-left\" style=\"font-family:var(--awb-typography1-font-family);font-weight:var(--awb-typography1-font-weight);font-style:var(--awb-typography1-font-style);margin:0;font-size:1em;letter-spacing:var(--awb-typography1-letter-spacing);line-height:var(--awb-typography1-line-height);\">Conditions g\u00e9n\u00e9rales de vente<\/h1><\/div>\n<div class=\"fusion-text fusion-text-1\"><section>\n<div class=\"row\">\n<div class=\"col-md-12\">\n<div class=\"one-coulms\">\n<div class=\"gallery-item post-22028 page type-page status-publish hentry\">\n<div class=\"grid-item-holder\">\n<article>\n<div class=\"blog-text\">\n<div class=\"wp-block-columns has-roboto-font-family is-layout-flex wp-container-2 wp-block-columns-is-layout-flex\">\n<div class=\"wp-block-column is-layout-flow wp-block-column-is-layout-flow\">\n<h2 class=\"wp-block-heading has-roboto-font-family\">der Healthcare Consulting Group AG<\/h2>\n<p class=\"has-roboto-font-family\"><strong>Valables \u00e0 partir du 1er septembre 2023<\/strong><\/p>\n<h2 class=\"wp-block-heading has-roboto-font-family\">1. Champ d\u2019application<\/h2>\n<p class=\"has-roboto-font-family\">Les pr\u00e9sentes conditions g\u00e9n\u00e9rales de vente r\u00e9gissent les relations contractuelles entre l\u2019annonceur ou l\u2019interm\u00e9diaire publicitaire mandat\u00e9 par elle (\u00ab l\u2019interm\u00e9diaire publicitaire\u00bb) et Healthcare Consulting Group SA (\u00abl\u2019\u00e9diteur\u00bb), sauf accord contraire. La relation contractuelle est r\u00e9gie par les dispositions relatives au contrat de travail, d\u00e8s lors que ces conditions ne contiennent pas de r\u00e8gles diff\u00e9rentes.<\/p>\n<h2 class=\"wp-block-heading has-roboto-font-family\">2. Contenu publicitaire<\/h2>\n<p>L\u2019annonceur est seul responsable du contenu d\u2019une annonce. L\u2019annonceur doit assumer tous les \u00e9ventuels recours intent\u00e9s par des tiers \u00e0 l\u2019encontre de l\u2019\u00e9diteur pour quelque raison juridique que ce soit (notamment pour atteinte \u00e0 la vie priv\u00e9e, concurrence d\u00e9loyale, violation des droits d\u2019auteur, de marque ou d\u2019autres droits de propri\u00e9t\u00e9, etc.), y compris les frais d\u2019avocat et de justice associ\u00e9s. L\u2019\u00e9diteur se r\u00e9serve le droit de refuser les annonces en raison de leur contenu, de leur origine ou de leur forme technique conform\u00e9ment \u00e0 la politique de publication de l\u2019\u00e9diteur, ainsi que d\u2019exiger des modifications pour les annonces en cours ou de suspendre leur parution. Les annonces textuelles doivent diff\u00e9rer de la partie \u00e9ditoriale en nombre de colonnes, de police et de taille de la police. Toutes les annonces peuvent \u00eatre identifi\u00e9es par la mention \u00abAnnonce\u00bb ou \u00abPublireportage\u00bb.<\/p>\n<h2 class=\"wp-block-heading has-roboto-font-family\">3. Demandes de publication et d\u2019emplacement<\/h2>\n<p class=\"has-roboto-font-family\">Aucune garantie n\u2019est donn\u00e9e quant \u00e0 l\u2019insertion d\u2019annonces dans des \u00e9ditions sp\u00e9cifiques. Les exigences et les souhaits d\u2019emplacement seront pris en compte dans la mesure du possible, mais ne peuvent pas \u00eatre garantis. Le non-respect des exigences et des souhaits d\u2019emplacement ne donne pas droit \u00e0 des r\u00e9ductions de prix, \u00e0 l\u2019exception d\u2019une \u00e9ventuelle majoration pour emplacement sp\u00e9cifique. D\u2019autres r\u00e9clamations sont exclues. L\u2019exclusion de la concurrence n\u2019est pas possible.<\/p>\n<h2 class=\"wp-block-heading has-roboto-font-family\">4. Contributions \u00e9ditoriales<\/h2>\n<p class=\"has-roboto-font-family\">Les accords relatifs \u00e0 la parution simultan\u00e9e d\u2019annonces avec des contributions \u00e9ditoriales sp\u00e9cifiques sont en principe sans engagement. Leur non-respect n\u2019autorise ni la rediffusion gratuite d\u2019annonces ni des r\u00e9ductions des prix.<\/p>\n<h2 class=\"wp-block-heading has-roboto-font-family\">5. D\u00e9fauts techniques<\/h2>\n<p class=\"has-roboto-font-family\">Les erreurs d\u2019impression n\u2019affectant pas de mani\u00e8re significative le sens ou l\u2019effet publicitaire de l\u2019annonce ne donnent pas droit \u00e0 une r\u00e9duction de prix. De m\u00eame, aucune compensation ne sera accord\u00e9e pour les \u00e9carts par rapport aux r\u00e8gles typographiques ou pour les codes manquants dans les annonces de coupons. En cas de livraison de documents d\u2019impression non conformes, les co\u00fbts suppl\u00e9mentaires seront r\u00e9percut\u00e9s \u00e0 l\u2019annonceur au prix co\u00fbtant. Pour les couleurs m\u00e9lang\u00e9es, une tol\u00e9rance raisonnable pour les diff\u00e9rences de nuances de couleur est r\u00e9serv\u00e9e.<\/p>\n<h2 class=\"wp-block-heading has-roboto-font-family\">6. R\u00e9clamations<\/h2>\n<p class=\"has-roboto-font-family\">Les r\u00e9clamations ne sont accept\u00e9es que dans les 30 jours suivant l\u2019\u00e9mission de la facture. En cas de r\u00e9clamations justifi\u00e9es, les frais de l\u2019annonce seront rembours\u00e9s au maximum. Toute autre r\u00e9clamation est exclue. Les conditions contraires dans les commandes ou les conditions g\u00e9n\u00e9rales de l\u2019annonceur sont nulles et non avenues.<\/p>\n<h2 class=\"wp-block-heading has-roboto-font-family\">7. Conditions de paiement<\/h2>\n<p class=\"has-roboto-font-family\">Le paiement doit \u00eatre effectu\u00e9 dans les 30 jours nets suivant la date de facturation. Aucun escompte n\u2019est accord\u00e9. En cas de recouvrement par voie juridique, toute entente de remise ou de commission est annul\u00e9e. Aucune accumulation de BK et JUP. Seules les agences reconnues par l\u2019\u00e9diteur sont habilit\u00e9es \u00e0 percevoir des commissions.<\/p>\n<h2 class=\"wp-block-heading has-roboto-font-family\">8. Modifications tarifaires<\/h2>\n<p class=\"has-roboto-font-family\">Nous nous r\u00e9servons le droit d\u2019apporter des modifications \u00e0 ces conditions d\u2019insertion. Ces conditions prennent effet imm\u00e9diatement pour les commandes en cours.<\/p>\n<h2 class=\"wp-block-heading has-roboto-font-family\">9. Droit de r\u00e9tractation<\/h2>\n<p class=\"has-roboto-font-family\">Si un droit de r\u00e9tractation n\u2019a pas \u00e9t\u00e9 express\u00e9ment convenu, une r\u00e9tractation doit \u00eatre notifi\u00e9e par \u00e9crit au plus tard \u00e0 la date de cl\u00f4ture des annonces indiqu\u00e9e dans les donn\u00e9es m\u00e9dias. En cas d\u2019annulation ult\u00e9rieure, les frais suivants seront factur\u00e9s: jusqu\u2019au troisi\u00e8me jour suivant la date de cl\u00f4ture des annonces, 20% du montant de la facture; jusqu\u2019au septi\u00e8me jour suivant la date de cl\u00f4ture des annonces, 50% du montant de la facture; \u00e0 partir du huiti\u00e8me jour suivant la date de cl\u00f4ture des annonces: 100% du montant de la facture.<\/p>\n<h2 class=\"wp-block-heading has-roboto-font-family\">10. Conservation des supports d\u2019impression<\/h2>\n<p class=\"has-roboto-font-family\">L\u2019obligation de conserver les supports d\u2019impression prend fin un mois apr\u00e8s la parution de la derni\u00e8re annonce, sauf disposition contraire expresse. Les supports d\u2019impression ne sont pas renvoy\u00e9s.<\/p>\n<h2 class=\"wp-block-heading has-roboto-font-family\">11. For juridiction \/ lieu d\u2019ex\u00e9cution<\/h2>\n<p>Le lieu de juridiction et d\u2019ex\u00e9cution est Zoug. La loi suisse est applicable. Les CGV entrent en vigueur \u00e0 partir du 1er septembre 2023.<\/p>\n<\/div>\n<\/div>\n<\/div>\n<\/article>\n<\/div>\n<\/div>\n<\/div>\n<\/div>\n<\/div>\n<\/section>\n<\/div><\/div><\/div><\/div><\/div><\/p>\n","protected":false},"excerpt":{"rendered":"","protected":false},"author":1,"featured_media":0,"parent":0,"menu_order":0,"comment_status":"closed","ping_status":"closed","template":"100-width.php","meta":{"_acf_changed":false,"footnotes":""},"class_list":["post-30761","page","type-page","status-publish","hentry"],"acf":[],"yoast_head":"<!-- This site is optimized with the Yoast SEO plugin v27.0 - https:\/\/yoast.com\/product\/yoast-seo-wordpress\/ -->\n<title>Conditions g\u00e9n\u00e9rales de vente - Astrea Aptheke<\/title>\n<meta name=\"description\" content=\"Erfahren Sie die aktuellen Insertionsbedingungen der Healthcare Consulting Group AG, g\u00fcltig ab dem 1. September 2023.\" \/>\n<meta name=\"robots\" content=\"index, follow, max-snippet:-1, max-image-preview:large, max-video-preview:-1\" \/>\n<link rel=\"canonical\" href=\"https:\/\/astrea-apotheke.ch\/fr\/conditions-generales-de-vente\/\" \/>\n<meta property=\"og:locale\" content=\"fr_FR\" \/>\n<meta property=\"og:type\" content=\"article\" \/>\n<meta property=\"og:title\" content=\"Conditions g\u00e9n\u00e9rales de vente - Astrea Aptheke\" \/>\n<meta property=\"og:description\" content=\"Erfahren Sie die aktuellen Insertionsbedingungen der Healthcare Consulting Group AG, g\u00fcltig ab dem 1. September 2023.\" \/>\n<meta property=\"og:url\" content=\"https:\/\/astrea-apotheke.ch\/fr\/conditions-generales-de-vente\/\" \/>\n<meta property=\"og:site_name\" content=\"Astrea Aptheke\" \/>\n<meta property=\"article:modified_time\" content=\"2024-12-27T09:13:38+00:00\" \/>\n<meta name=\"twitter:card\" content=\"summary_large_image\" \/>\n<meta name=\"twitter:label1\" content=\"Dur\u00e9e de lecture estim\u00e9e\" \/>\n\t<meta name=\"twitter:data1\" content=\"3 minutes\" \/>\n<script type=\"application\/ld+json\" class=\"yoast-schema-graph\">{\"@context\":\"https:\/\/schema.org\",\"@graph\":[{\"@type\":\"WebPage\",\"@id\":\"https:\/\/astrea-apotheke.ch\/fr\/conditions-generales-de-vente\/\",\"url\":\"https:\/\/astrea-apotheke.ch\/fr\/conditions-generales-de-vente\/\",\"name\":\"Conditions g\u00e9n\u00e9rales de vente - Astrea Aptheke\",\"isPartOf\":{\"@id\":\"https:\/\/astrea-apotheke.ch\/fr\/#website\"},\"datePublished\":\"2024-08-30T11:54:54+00:00\",\"dateModified\":\"2024-12-27T09:13:38+00:00\",\"description\":\"Erfahren Sie die aktuellen Insertionsbedingungen der Healthcare Consulting Group AG, g\u00fcltig ab dem 1. September 2023.\",\"breadcrumb\":{\"@id\":\"https:\/\/astrea-apotheke.ch\/fr\/conditions-generales-de-vente\/#breadcrumb\"},\"inLanguage\":\"fr-FR\",\"potentialAction\":[{\"@type\":\"ReadAction\",\"target\":[\"https:\/\/astrea-apotheke.ch\/fr\/conditions-generales-de-vente\/\"]}]},{\"@type\":\"BreadcrumbList\",\"@id\":\"https:\/\/astrea-apotheke.ch\/fr\/conditions-generales-de-vente\/#breadcrumb\",\"itemListElement\":[{\"@type\":\"ListItem\",\"position\":1,\"name\":\"Startseite\",\"item\":\"https:\/\/astrea-apotheke.ch\/fr\/\"},{\"@type\":\"ListItem\",\"position\":2,\"name\":\"Conditions g\u00e9n\u00e9rales de vente\"}]},{\"@type\":\"WebSite\",\"@id\":\"https:\/\/astrea-apotheke.ch\/fr\/#website\",\"url\":\"https:\/\/astrea-apotheke.ch\/fr\/\",\"name\":\"astrea Bulletin\",\"description\":\"Gesundheitsmagazin\",\"publisher\":{\"@id\":\"https:\/\/astrea-apotheke.ch\/fr\/#organization\"},\"potentialAction\":[{\"@type\":\"SearchAction\",\"target\":{\"@type\":\"EntryPoint\",\"urlTemplate\":\"https:\/\/astrea-apotheke.ch\/fr\/?s={search_term_string}\"},\"query-input\":{\"@type\":\"PropertyValueSpecification\",\"valueRequired\":true,\"valueName\":\"search_term_string\"}}],\"inLanguage\":\"fr-FR\"},{\"@type\":\"Organization\",\"@id\":\"https:\/\/astrea-apotheke.ch\/fr\/#organization\",\"name\":\"astrea Bulletin\",\"url\":\"https:\/\/astrea-apotheke.ch\/fr\/\",\"logo\":{\"@type\":\"ImageObject\",\"inLanguage\":\"fr-FR\",\"@id\":\"https:\/\/astrea-apotheke.ch\/fr\/#\/schema\/logo\/image\/\",\"url\":\"http:\/\/apotheke.astrea-bulletin.ch\/wp-content\/uploads\/2024\/08\/Logo_Astrea-Bulletin_RGB.jpg\",\"contentUrl\":\"http:\/\/apotheke.astrea-bulletin.ch\/wp-content\/uploads\/2024\/08\/Logo_Astrea-Bulletin_RGB.jpg\",\"width\":1429,\"height\":560,\"caption\":\"astrea Bulletin\"},\"image\":{\"@id\":\"https:\/\/astrea-apotheke.ch\/fr\/#\/schema\/logo\/image\/\"}}]}<\/script>\n<!-- \/ Yoast SEO plugin. -->","yoast_head_json":{"title":"Conditions g\u00e9n\u00e9rales de vente - Astrea Aptheke","description":"Erfahren Sie die aktuellen Insertionsbedingungen der Healthcare Consulting Group AG, g\u00fcltig ab dem 1. September 2023.","robots":{"index":"index","follow":"follow","max-snippet":"max-snippet:-1","max-image-preview":"max-image-preview:large","max-video-preview":"max-video-preview:-1"},"canonical":"https:\/\/astrea-apotheke.ch\/fr\/conditions-generales-de-vente\/","og_locale":"fr_FR","og_type":"article","og_title":"Conditions g\u00e9n\u00e9rales de vente - Astrea Aptheke","og_description":"Erfahren Sie die aktuellen Insertionsbedingungen der Healthcare Consulting Group AG, g\u00fcltig ab dem 1. September 2023.","og_url":"https:\/\/astrea-apotheke.ch\/fr\/conditions-generales-de-vente\/","og_site_name":"Astrea Aptheke","article_modified_time":"2024-12-27T09:13:38+00:00","twitter_card":"summary_large_image","twitter_misc":{"Dur\u00e9e de lecture estim\u00e9e":"3 minutes"},"schema":{"@context":"https:\/\/schema.org","@graph":[{"@type":"WebPage","@id":"https:\/\/astrea-apotheke.ch\/fr\/conditions-generales-de-vente\/","url":"https:\/\/astrea-apotheke.ch\/fr\/conditions-generales-de-vente\/","name":"Conditions g\u00e9n\u00e9rales de vente - Astrea Aptheke","isPartOf":{"@id":"https:\/\/astrea-apotheke.ch\/fr\/#website"},"datePublished":"2024-08-30T11:54:54+00:00","dateModified":"2024-12-27T09:13:38+00:00","description":"Erfahren Sie die aktuellen Insertionsbedingungen der Healthcare Consulting Group AG, g\u00fcltig ab dem 1. September 2023.","breadcrumb":{"@id":"https:\/\/astrea-apotheke.ch\/fr\/conditions-generales-de-vente\/#breadcrumb"},"inLanguage":"fr-FR","potentialAction":[{"@type":"ReadAction","target":["https:\/\/astrea-apotheke.ch\/fr\/conditions-generales-de-vente\/"]}]},{"@type":"BreadcrumbList","@id":"https:\/\/astrea-apotheke.ch\/fr\/conditions-generales-de-vente\/#breadcrumb","itemListElement":[{"@type":"ListItem","position":1,"name":"Startseite","item":"https:\/\/astrea-apotheke.ch\/fr\/"},{"@type":"ListItem","position":2,"name":"Conditions g\u00e9n\u00e9rales de vente"}]},{"@type":"WebSite","@id":"https:\/\/astrea-apotheke.ch\/fr\/#website","url":"https:\/\/astrea-apotheke.ch\/fr\/","name":"astrea Bulletin","description":"Gesundheitsmagazin","publisher":{"@id":"https:\/\/astrea-apotheke.ch\/fr\/#organization"},"potentialAction":[{"@type":"SearchAction","target":{"@type":"EntryPoint","urlTemplate":"https:\/\/astrea-apotheke.ch\/fr\/?s={search_term_string}"},"query-input":{"@type":"PropertyValueSpecification","valueRequired":true,"valueName":"search_term_string"}}],"inLanguage":"fr-FR"},{"@type":"Organization","@id":"https:\/\/astrea-apotheke.ch\/fr\/#organization","name":"astrea Bulletin","url":"https:\/\/astrea-apotheke.ch\/fr\/","logo":{"@type":"ImageObject","inLanguage":"fr-FR","@id":"https:\/\/astrea-apotheke.ch\/fr\/#\/schema\/logo\/image\/","url":"http:\/\/apotheke.astrea-bulletin.ch\/wp-content\/uploads\/2024\/08\/Logo_Astrea-Bulletin_RGB.jpg","contentUrl":"http:\/\/apotheke.astrea-bulletin.ch\/wp-content\/uploads\/2024\/08\/Logo_Astrea-Bulletin_RGB.jpg","width":1429,"height":560,"caption":"astrea Bulletin"},"image":{"@id":"https:\/\/astrea-apotheke.ch\/fr\/#\/schema\/logo\/image\/"}}]}},"_links":{"self":[{"href":"https:\/\/astrea-apotheke.ch\/fr\/wp-json\/wp\/v2\/pages\/30761","targetHints":{"allow":["GET"]}}],"collection":[{"href":"https:\/\/astrea-apotheke.ch\/fr\/wp-json\/wp\/v2\/pages"}],"about":[{"href":"https:\/\/astrea-apotheke.ch\/fr\/wp-json\/wp\/v2\/types\/page"}],"author":[{"embeddable":true,"href":"https:\/\/astrea-apotheke.ch\/fr\/wp-json\/wp\/v2\/users\/1"}],"replies":[{"embeddable":true,"href":"https:\/\/astrea-apotheke.ch\/fr\/wp-json\/wp\/v2\/comments?post=30761"}],"version-history":[{"count":2,"href":"https:\/\/astrea-apotheke.ch\/fr\/wp-json\/wp\/v2\/pages\/30761\/revisions"}],"predecessor-version":[{"id":30763,"href":"https:\/\/astrea-apotheke.ch\/fr\/wp-json\/wp\/v2\/pages\/30761\/revisions\/30763"}],"wp:attachment":[{"href":"https:\/\/astrea-apotheke.ch\/fr\/wp-json\/wp\/v2\/media?parent=30761"}],"curies":[{"name":"wp","href":"https:\/\/api.w.org\/{rel}","templated":true}]}}