{"id":30772,"date":"2024-08-30T13:26:46","date_gmt":"2024-08-30T11:26:46","guid":{"rendered":"https:\/\/apotheke.astrea-bulletin.ch\/sabonner-a\/"},"modified":"2026-01-12T14:32:15","modified_gmt":"2026-01-12T12:32:15","slug":"sabonner-a","status":"publish","type":"page","link":"https:\/\/astrea-apotheke.ch\/fr\/sabonner-a\/","title":{"rendered":"Abonnement"},"content":{"rendered":"<p><div class=\"fusion-fullwidth fullwidth-box fusion-builder-row-1 fusion-flex-container has-pattern-background has-mask-background nonhundred-percent-fullwidth non-hundred-percent-height-scrolling\" style=\"--awb-border-radius-top-left:0px;--awb-border-radius-top-right:0px;--awb-border-radius-bottom-right:0px;--awb-border-radius-bottom-left:0px;--awb-flex-wrap:wrap;\" ><div class=\"fusion-builder-row fusion-row fusion-flex-align-items-flex-start fusion-flex-content-wrap\" style=\"max-width:1302px;margin-left: calc(-5% \/ 2 );margin-right: calc(-5% \/ 2 );\"><div class=\"fusion-layout-column fusion_builder_column fusion-builder-column-0 fusion_builder_column_1_1 1_1 fusion-flex-column\" style=\"--awb-bg-size:cover;--awb-width-large:100%;--awb-margin-top-large:0px;--awb-spacing-right-large:2.375%;--awb-margin-bottom-large:0px;--awb-spacing-left-large:2.375%;--awb-width-medium:100%;--awb-order-medium:0;--awb-spacing-right-medium:2.375%;--awb-spacing-left-medium:2.375%;--awb-width-small:100%;--awb-order-small:0;--awb-spacing-right-small:2.375%;--awb-spacing-left-small:2.375%;\"><div class=\"fusion-column-wrapper fusion-column-has-shadow fusion-flex-justify-content-flex-start fusion-content-layout-column\"><nav class=\"fusion-breadcrumbs awb-yoast-breadcrumbs fusion-breadcrumbs-1\" style=\"--awb-margin-top:20px;--awb-margin-bottom:20px;--awb-text-color:var(--awb-color5);--awb-breadcrumb-sep:&#039;\/\/&#039;;\" aria-label=\"Breadcrumb\"><span><span><a href=\"https:\/\/astrea-apotheke.ch\/fr\/\">Startseite<\/a><\/span><\/span><\/nav><\/div><\/div><\/div><\/div><div class=\"fusion-fullwidth fullwidth-box fusion-builder-row-2 fusion-flex-container has-pattern-background has-mask-background nonhundred-percent-fullwidth non-hundred-percent-height-scrolling\" style=\"--awb-border-radius-top-left:0px;--awb-border-radius-top-right:0px;--awb-border-radius-bottom-right:0px;--awb-border-radius-bottom-left:0px;--awb-flex-wrap:wrap;\" ><div class=\"fusion-builder-row fusion-row fusion-flex-align-items-flex-start fusion-flex-content-wrap\" style=\"max-width:1302px;margin-left: calc(-5% \/ 2 );margin-right: calc(-5% \/ 2 );\"><div class=\"fusion-layout-column fusion_builder_column fusion-builder-column-1 fusion_builder_column_1_1 1_1 fusion-flex-column\" style=\"--awb-bg-size:cover;--awb-width-large:100%;--awb-margin-top-large:0px;--awb-spacing-right-large:2.375%;--awb-margin-bottom-large:0px;--awb-spacing-left-large:2.375%;--awb-width-medium:100%;--awb-order-medium:0;--awb-spacing-right-medium:2.375%;--awb-spacing-left-medium:2.375%;--awb-width-small:100%;--awb-order-small:0;--awb-spacing-right-small:2.375%;--awb-spacing-left-small:2.375%;\"><div class=\"fusion-column-wrapper fusion-column-has-shadow fusion-flex-justify-content-flex-start fusion-content-layout-column\"><div class=\"fusion-title title fusion-title-1 fusion-sep-none fusion-title-text fusion-title-size-one\" style=\"--awb-font-size:var(--awb-typography1-font-size);\"><h1 class=\"fusion-title-heading title-heading-left\" style=\"font-family:var(--awb-typography1-font-family);font-weight:var(--awb-typography1-font-weight);font-style:var(--awb-typography1-font-style);margin:0;font-size:1em;letter-spacing:var(--awb-typography1-letter-spacing);text-transform:var(--awb-typography1-text-transform);line-height:var(--awb-typography1-line-height);\">Abonnement<\/h1><\/div><div class=\"fusion-text fusion-text-1\" style=\"--awb-text-color:var(--awb-color4);\"><p><strong>Abonnez-vous \u00e0 astreaPHARMACIE pour seulement 35 CHF par an !<\/strong><\/p>\n<\/div><div class=\"fusion-text fusion-text-2\"><p>Ne manquez pas les nouvelles passionnantes sur la sant\u00e9 et le bien-\u00eatre. Abonnez-vous d\u00e8s maintenant au magazine astreaPHARMACIE pour seulement 35 CHF par an et recevez 10 fois par an des informations compl\u00e8tes sur la sant\u00e9 et des conseils d&rsquo;experts \u00e0 l&rsquo;adresse de votre choix.<\/p>\n<p><strong>Oui, je m&rsquo;abonne \u00e0 la revue astreaPHARMACIE pour CHF 35<br \/>\n<\/strong><\/p>\n<\/div><div class=\"fusion-form fusion-form-builder fusion-form-form-wrapper fusion-form-30778 has-icon-alignment\" style=\"--awb-tooltip-text-color:#ffffff;--awb-tooltip-background-color:#333333;--awb-field-margin-bottom:5px;--awb-form-input-height:66px;--awb-form-bg-color:var(--awb-color1);--awb-form-placeholder-color:hsla(var(--awb-color5-h),var(--awb-color5-s),var(--awb-color5-l),calc(var(--awb-color5-a) - 50%));--awb-form-text-color:var(--awb-color5);--awb-form-border-width-top:1px;--awb-form-border-width-bottom:1px;--awb-form-border-width-right:1px;--awb-form-border-width-left:1px;--awb-form-border-color:var(--awb-color2);--awb-icon-alignment-top:1px;--awb-icon-alignment-bottom:1px;--awb-icon-alignment-font-size:1em;\" data-form-id=\"30778\" data-config=\"{&quot;form_id&quot;:30778,&quot;form_post_id&quot;:30778,&quot;post_id&quot;:30772,&quot;form_type&quot;:&quot;ajax&quot;,&quot;confirmation_type&quot;:&quot;message&quot;,&quot;redirect_url&quot;:&quot;&quot;,&quot;field_labels&quot;:{&quot;vorname&quot;:&quot;&quot;,&quot;name&quot;:&quot;&quot;,&quot;strasse&quot;:&quot;&quot;,&quot;plz&quot;:&quot;&quot;,&quot;ort&quot;:&quot;&quot;,&quot;email&quot;:&quot;&quot;,&quot;refdsg-einverstandnis&quot;:&quot;refDSG-Einverst\\u00e4ndnis&quot;},&quot;field_logics&quot;:{&quot;notice_1&quot;:&quot;&quot;,&quot;vorname&quot;:&quot;&quot;,&quot;name&quot;:&quot;&quot;,&quot;strasse&quot;:&quot;&quot;,&quot;plz&quot;:&quot;&quot;,&quot;ort&quot;:&quot;&quot;,&quot;email&quot;:&quot;&quot;,&quot;refdsg-einverstandnis&quot;:&quot;&quot;},&quot;field_types&quot;:{&quot;notice_1&quot;:&quot;notice&quot;,&quot;vorname&quot;:&quot;text&quot;,&quot;name&quot;:&quot;text&quot;,&quot;strasse&quot;:&quot;text&quot;,&quot;plz&quot;:&quot;text&quot;,&quot;ort&quot;:&quot;text&quot;,&quot;email&quot;:&quot;email&quot;,&quot;refdsg-einverstandnis&quot;:&quot;consent&quot;,&quot;submit_1&quot;:&quot;submit&quot;},&quot;nonce_method&quot;:&quot;ajax&quot;}\"><form action=\"https:\/\/astrea-apotheke.ch\/fr\/sabonner-a\/\" method=\"post\" class=\"fusion-form fusion-form-30778\"><div class=\"fusion-fullwidth fullwidth-box fusion-builder-row-2-1 fusion-flex-container has-pattern-background has-mask-background nonhundred-percent-fullwidth non-hundred-percent-height-scrolling\" style=\"--awb-border-radius-top-left:0px;--awb-border-radius-top-right:0px;--awb-border-radius-bottom-right:0px;--awb-border-radius-bottom-left:0px;--awb-padding-right:0px;--awb-padding-left:0px;--awb-flex-wrap:wrap;\" ><div class=\"fusion-builder-row fusion-row fusion-flex-align-items-flex-start fusion-flex-content-wrap\" style=\"width:105% !important;max-width:105% !important;margin-left: calc(-5% \/ 2 );margin-right: calc(-5% \/ 2 );\"><div class=\"fusion-layout-column fusion_builder_column fusion-builder-column-2 fusion_builder_column_1_1 1_1 fusion-flex-column\" style=\"--awb-bg-size:cover;--awb-width-large:100%;--awb-margin-top-large:0px;--awb-spacing-right-large:2.375%;--awb-margin-bottom-large:0px;--awb-spacing-left-large:2.375%;--awb-width-medium:100%;--awb-order-medium:0;--awb-spacing-right-medium:2.375%;--awb-spacing-left-medium:2.375%;--awb-width-small:100%;--awb-order-small:0;--awb-spacing-right-small:2.375%;--awb-spacing-left-small:2.375%;\"><div class=\"fusion-column-wrapper fusion-column-has-shadow fusion-flex-justify-content-flex-start fusion-content-layout-column\"><div class=\"fusion-builder-row fusion-builder-row-inner fusion-row fusion-flex-align-items-flex-start fusion-flex-content-wrap\" style=\"width:105% !important;max-width:105% !important;margin-left: calc(-5% \/ 2 );margin-right: calc(-5% \/ 2 );\"><div class=\"fusion-layout-column fusion_builder_column_inner fusion-builder-nested-column-0 fusion_builder_column_inner_1_1 1_1 fusion-flex-column\" style=\"--awb-bg-size:cover;--awb-width-large:100%;--awb-margin-top-large:0px;--awb-spacing-right-large:2.375%;--awb-margin-bottom-large:0px;--awb-spacing-left-large:2.375%;--awb-width-medium:100%;--awb-order-medium:0;--awb-spacing-right-medium:2.375%;--awb-spacing-left-medium:2.375%;--awb-width-small:100%;--awb-order-small:0;--awb-spacing-right-small:2.375%;--awb-spacing-left-small:2.375%;\"><div class=\"fusion-column-wrapper fusion-column-has-shadow fusion-flex-justify-content-flex-start fusion-content-layout-column\"><div class=\"form-submission-notices data-notice_1\" id=\"fusion-notices-1\"><div class=\"fusion-alert alert success alert-success fusion-alert-center fusion-form-response fusion-form-response-success awb-alert-native-link-color alert-dismissable awb-alert-close-boxed\" role=\"alert\"><div class=\"fusion-alert-content-wrapper\"><span class=\"alert-icon\"><i class=\"awb-icon-check-circle\" aria-hidden=\"true\"><\/i><\/span><span class=\"fusion-alert-content\">Merci pour votre message. Elle a \u00e9t\u00e9 transmise.<\/span><\/div><button type=\"button\" class=\"close toggle-alert\" data-dismiss=\"alert\" aria-label=\"Close\">&times;<\/button><\/div><div class=\"fusion-alert alert error alert-danger fusion-alert-center fusion-form-response fusion-form-response-error awb-alert-native-link-color alert-dismissable awb-alert-close-boxed\" role=\"alert\"><div class=\"fusion-alert-content-wrapper\"><span class=\"alert-icon\"><i class=\"awb-icon-exclamation-triangle\" aria-hidden=\"true\"><\/i><\/span><span class=\"fusion-alert-content\">Malheureusement, le message n'a pas pu \u00eatre envoy\u00e9. Veuillez r\u00e9essayer plus tard.<\/span><\/div><button type=\"button\" class=\"close toggle-alert\" data-dismiss=\"alert\" aria-label=\"Close\">&times;<\/button><\/div><\/div><\/div><\/div><\/div><div class=\"fusion-form-field fusion-form-text-field fusion-form-label-above\" style=\"\" data-form-id=\"30778\"><input type=\"text\" autocomplete=\"off\" name=\"vorname\" id=\"vorname\" value=\"\"  class=\"fusion-form-input\" required=\"true\" aria-required=\"true\" placeholder=\"Pr\u00e9nom *\" data-holds-private-data=\"false\" minlength=\"0\"\/><\/div><div class=\"fusion-form-field fusion-form-text-field fusion-form-label-above\" style=\"\" data-form-id=\"30778\"><input type=\"text\" autocomplete=\"off\" name=\"name\" id=\"name\" value=\"\"  class=\"fusion-form-input\" required=\"true\" aria-required=\"true\" placeholder=\"Nom *\" data-holds-private-data=\"false\" minlength=\"0\"\/><\/div><div class=\"fusion-form-field fusion-form-text-field fusion-form-label-above\" style=\"\" data-form-id=\"30778\"><input type=\"text\" autocomplete=\"off\" name=\"strasse\" id=\"strasse\" value=\"\"  class=\"fusion-form-input\" required=\"true\" aria-required=\"true\" placeholder=\"Rue *\" data-holds-private-data=\"false\" minlength=\"0\"\/><\/div><div class=\"fusion-form-field fusion-form-text-field fusion-form-label-above\" style=\"\" data-form-id=\"30778\"><input type=\"text\" autocomplete=\"off\" name=\"plz\" id=\"plz\" value=\"\"  class=\"fusion-form-input\" required=\"true\" aria-required=\"true\" placeholder=\"Code Postal *\" data-holds-private-data=\"false\" minlength=\"0\"\/><\/div><div class=\"fusion-form-field fusion-form-text-field fusion-form-label-above\" style=\"\" data-form-id=\"30778\"><input type=\"text\" autocomplete=\"off\" name=\"ort\" id=\"ort\" value=\"\"  class=\"fusion-form-input\" required=\"true\" aria-required=\"true\" placeholder=\"Lieu *\" data-holds-private-data=\"false\" minlength=\"0\"\/><\/div><div class=\"fusion-form-field fusion-form-email-field fusion-form-label-above\" style=\"\" data-form-id=\"30778\"><input type=\"email\" autocomplete=\"off\" name=\"email\" id=\"email\" value=\"\"  class=\"fusion-form-input\" required=\"true\" aria-required=\"true\" placeholder=\"Email *\" data-holds-private-data=\"false\"\/><\/div><div class=\"fusion-form-field fusion-form-consent-field fusion-form-label-above\" style=\"\" data-form-id=\"30778\"><div class=\"fusion-form-label-wrapper\"><label for=\"refdsg-einverstandnis\">refDSG-Einverst\u00e4ndnis <abbr class=\"fusion-form-element-required\" title=\"required\">*<\/abbr><\/label><\/div><div class=\"fusion-form-checkbox option-inline\"><input tabindex=\"\" id=\"refdsg-einverstandnis\" type=\"checkbox\" value=\"1\" name=\"refdsg-einverstandnis\" class=\"fusion-form-input\" required=\"true\" aria-required=\"true\"\/><label for=\"refdsg-einverstandnis\">J'accepte que ce site web stocke les informations que j'ai fournies afin de pouvoir r\u00e9pondre \u00e0 ma demande.<\/label><\/div><\/div><div class=\"fusion-form-field fusion-form-submit-field fusion-form-label-above\" style=\"\" data-form-id=\"30778\"><div ><button type=\"submit\" class=\"fusion-button button-flat fusion-button-default-size button-custom fusion-button-default button-1 fusion-button-span-yes  form-form-submit button-default\" style=\"--button_accent_color:var(--awb-color1);--button_accent_hover_color:var(--awb-color1);--button_border_hover_color:var(--awb-color1);--button_gradient_top_color:var(--awb-color4);--button_gradient_bottom_color:var(--awb-color4);--button_gradient_top_color_hover:var(--awb-color6);--button_gradient_bottom_color_hover:var(--awb-color6);--button_text_transform:uppercase;--button_font_size:var(--awb-typography3-font-size);--button_line_height:var(--awb-typography3-line-height);--button_padding-top:22px;--button_padding-bottom:22px;--button_typography-letter-spacing:var(--awb-typography3-letter-spacing);--button_typography-font-family:var(--awb-typography3-font-family);--button_typography-font-weight:var(--awb-typography3-font-weight);--button_typography-font-style:var(--awb-typography3-font-style);--button_margin-top:20px;\" data-hover=\"icon_slide\" data-form-number=\"30778\" tabindex=\"\"><i class=\"awb-magazine-arrow-right-solid awb-button__icon awb-button__icon--default button-icon-left\" aria-hidden=\"true\"><\/i><span class=\"fusion-button-text awb-button__text awb-button__text--default\">Abonnement payant<\/span><\/button><\/div><\/div><\/div><\/div><\/div><\/div><\/form><\/div><\/div><\/div><\/div><\/div><\/p>\n","protected":false},"excerpt":{"rendered":"","protected":false},"author":1,"featured_media":0,"parent":0,"menu_order":0,"comment_status":"closed","ping_status":"closed","template":"100-width.php","meta":{"_acf_changed":false,"footnotes":""},"class_list":["post-30772","page","type-page","status-publish","hentry"],"acf":[],"yoast_head":"<!-- This site is optimized with the Yoast SEO plugin v27.0 - https:\/\/yoast.com\/product\/yoast-seo-wordpress\/ -->\n<title>Abonnement - Astrea Aptheke<\/title>\n<meta name=\"description\" content=\"Abonnez-vous \u00e0 astreaPHARMACIE pour CHF 25! Recevez les infos sant\u00e9 et les conseils d&#039;experts directement chez vous.\" \/>\n<meta name=\"robots\" content=\"index, follow, max-snippet:-1, max-image-preview:large, max-video-preview:-1\" \/>\n<link rel=\"canonical\" href=\"https:\/\/astrea-apotheke.ch\/fr\/sabonner-a\/\" \/>\n<meta property=\"og:locale\" content=\"fr_FR\" \/>\n<meta property=\"og:type\" content=\"article\" \/>\n<meta property=\"og:title\" content=\"Abonnement - Astrea Aptheke\" \/>\n<meta property=\"og:description\" content=\"Abonnez-vous \u00e0 astreaPHARMACIE pour CHF 25! Recevez les infos sant\u00e9 et les conseils d&#039;experts directement chez vous.\" \/>\n<meta property=\"og:url\" content=\"https:\/\/astrea-apotheke.ch\/fr\/sabonner-a\/\" \/>\n<meta property=\"og:site_name\" content=\"Astrea Aptheke\" \/>\n<meta property=\"article:modified_time\" content=\"2026-01-12T12:32:15+00:00\" \/>\n<meta name=\"twitter:card\" content=\"summary_large_image\" \/>\n<meta name=\"twitter:label1\" content=\"Dur\u00e9e de lecture estim\u00e9e\" \/>\n\t<meta name=\"twitter:data1\" content=\"1 minute\" \/>\n<script type=\"application\/ld+json\" class=\"yoast-schema-graph\">{\"@context\":\"https:\/\/schema.org\",\"@graph\":[{\"@type\":\"WebPage\",\"@id\":\"https:\/\/astrea-apotheke.ch\/fr\/sabonner-a\/\",\"url\":\"https:\/\/astrea-apotheke.ch\/fr\/sabonner-a\/\",\"name\":\"Abonnement - Astrea Aptheke\",\"isPartOf\":{\"@id\":\"https:\/\/astrea-apotheke.ch\/fr\/#website\"},\"datePublished\":\"2024-08-30T11:26:46+00:00\",\"dateModified\":\"2026-01-12T12:32:15+00:00\",\"description\":\"Abonnez-vous \u00e0 astreaPHARMACIE pour CHF 25! Recevez les infos sant\u00e9 et les conseils d'experts directement chez vous.\",\"breadcrumb\":{\"@id\":\"https:\/\/astrea-apotheke.ch\/fr\/sabonner-a\/#breadcrumb\"},\"inLanguage\":\"fr-FR\",\"potentialAction\":[{\"@type\":\"ReadAction\",\"target\":[\"https:\/\/astrea-apotheke.ch\/fr\/sabonner-a\/\"]}]},{\"@type\":\"BreadcrumbList\",\"@id\":\"https:\/\/astrea-apotheke.ch\/fr\/sabonner-a\/#breadcrumb\",\"itemListElement\":[{\"@type\":\"ListItem\",\"position\":1,\"name\":\"Startseite\",\"item\":\"https:\/\/astrea-apotheke.ch\/fr\/\"},{\"@type\":\"ListItem\",\"position\":2,\"name\":\"Abonnement\"}]},{\"@type\":\"WebSite\",\"@id\":\"https:\/\/astrea-apotheke.ch\/fr\/#website\",\"url\":\"https:\/\/astrea-apotheke.ch\/fr\/\",\"name\":\"astrea Bulletin\",\"description\":\"Gesundheitsmagazin\",\"publisher\":{\"@id\":\"https:\/\/astrea-apotheke.ch\/fr\/#organization\"},\"potentialAction\":[{\"@type\":\"SearchAction\",\"target\":{\"@type\":\"EntryPoint\",\"urlTemplate\":\"https:\/\/astrea-apotheke.ch\/fr\/?s={search_term_string}\"},\"query-input\":{\"@type\":\"PropertyValueSpecification\",\"valueRequired\":true,\"valueName\":\"search_term_string\"}}],\"inLanguage\":\"fr-FR\"},{\"@type\":\"Organization\",\"@id\":\"https:\/\/astrea-apotheke.ch\/fr\/#organization\",\"name\":\"astrea Bulletin\",\"url\":\"https:\/\/astrea-apotheke.ch\/fr\/\",\"logo\":{\"@type\":\"ImageObject\",\"inLanguage\":\"fr-FR\",\"@id\":\"https:\/\/astrea-apotheke.ch\/fr\/#\/schema\/logo\/image\/\",\"url\":\"http:\/\/apotheke.astrea-bulletin.ch\/wp-content\/uploads\/2024\/08\/Logo_Astrea-Bulletin_RGB.jpg\",\"contentUrl\":\"http:\/\/apotheke.astrea-bulletin.ch\/wp-content\/uploads\/2024\/08\/Logo_Astrea-Bulletin_RGB.jpg\",\"width\":1429,\"height\":560,\"caption\":\"astrea Bulletin\"},\"image\":{\"@id\":\"https:\/\/astrea-apotheke.ch\/fr\/#\/schema\/logo\/image\/\"}}]}<\/script>\n<!-- \/ Yoast SEO plugin. -->","yoast_head_json":{"title":"Abonnement - Astrea Aptheke","description":"Abonnez-vous \u00e0 astreaPHARMACIE pour CHF 25! Recevez les infos sant\u00e9 et les conseils d'experts directement chez vous.","robots":{"index":"index","follow":"follow","max-snippet":"max-snippet:-1","max-image-preview":"max-image-preview:large","max-video-preview":"max-video-preview:-1"},"canonical":"https:\/\/astrea-apotheke.ch\/fr\/sabonner-a\/","og_locale":"fr_FR","og_type":"article","og_title":"Abonnement - Astrea Aptheke","og_description":"Abonnez-vous \u00e0 astreaPHARMACIE pour CHF 25! Recevez les infos sant\u00e9 et les conseils d'experts directement chez vous.","og_url":"https:\/\/astrea-apotheke.ch\/fr\/sabonner-a\/","og_site_name":"Astrea Aptheke","article_modified_time":"2026-01-12T12:32:15+00:00","twitter_card":"summary_large_image","twitter_misc":{"Dur\u00e9e de lecture estim\u00e9e":"1 minute"},"schema":{"@context":"https:\/\/schema.org","@graph":[{"@type":"WebPage","@id":"https:\/\/astrea-apotheke.ch\/fr\/sabonner-a\/","url":"https:\/\/astrea-apotheke.ch\/fr\/sabonner-a\/","name":"Abonnement - Astrea Aptheke","isPartOf":{"@id":"https:\/\/astrea-apotheke.ch\/fr\/#website"},"datePublished":"2024-08-30T11:26:46+00:00","dateModified":"2026-01-12T12:32:15+00:00","description":"Abonnez-vous \u00e0 astreaPHARMACIE pour CHF 25! Recevez les infos sant\u00e9 et les conseils d'experts directement chez vous.","breadcrumb":{"@id":"https:\/\/astrea-apotheke.ch\/fr\/sabonner-a\/#breadcrumb"},"inLanguage":"fr-FR","potentialAction":[{"@type":"ReadAction","target":["https:\/\/astrea-apotheke.ch\/fr\/sabonner-a\/"]}]},{"@type":"BreadcrumbList","@id":"https:\/\/astrea-apotheke.ch\/fr\/sabonner-a\/#breadcrumb","itemListElement":[{"@type":"ListItem","position":1,"name":"Startseite","item":"https:\/\/astrea-apotheke.ch\/fr\/"},{"@type":"ListItem","position":2,"name":"Abonnement"}]},{"@type":"WebSite","@id":"https:\/\/astrea-apotheke.ch\/fr\/#website","url":"https:\/\/astrea-apotheke.ch\/fr\/","name":"astrea Bulletin","description":"Gesundheitsmagazin","publisher":{"@id":"https:\/\/astrea-apotheke.ch\/fr\/#organization"},"potentialAction":[{"@type":"SearchAction","target":{"@type":"EntryPoint","urlTemplate":"https:\/\/astrea-apotheke.ch\/fr\/?s={search_term_string}"},"query-input":{"@type":"PropertyValueSpecification","valueRequired":true,"valueName":"search_term_string"}}],"inLanguage":"fr-FR"},{"@type":"Organization","@id":"https:\/\/astrea-apotheke.ch\/fr\/#organization","name":"astrea Bulletin","url":"https:\/\/astrea-apotheke.ch\/fr\/","logo":{"@type":"ImageObject","inLanguage":"fr-FR","@id":"https:\/\/astrea-apotheke.ch\/fr\/#\/schema\/logo\/image\/","url":"http:\/\/apotheke.astrea-bulletin.ch\/wp-content\/uploads\/2024\/08\/Logo_Astrea-Bulletin_RGB.jpg","contentUrl":"http:\/\/apotheke.astrea-bulletin.ch\/wp-content\/uploads\/2024\/08\/Logo_Astrea-Bulletin_RGB.jpg","width":1429,"height":560,"caption":"astrea Bulletin"},"image":{"@id":"https:\/\/astrea-apotheke.ch\/fr\/#\/schema\/logo\/image\/"}}]}},"_links":{"self":[{"href":"https:\/\/astrea-apotheke.ch\/fr\/wp-json\/wp\/v2\/pages\/30772","targetHints":{"allow":["GET"]}}],"collection":[{"href":"https:\/\/astrea-apotheke.ch\/fr\/wp-json\/wp\/v2\/pages"}],"about":[{"href":"https:\/\/astrea-apotheke.ch\/fr\/wp-json\/wp\/v2\/types\/page"}],"author":[{"embeddable":true,"href":"https:\/\/astrea-apotheke.ch\/fr\/wp-json\/wp\/v2\/users\/1"}],"replies":[{"embeddable":true,"href":"https:\/\/astrea-apotheke.ch\/fr\/wp-json\/wp\/v2\/comments?post=30772"}],"version-history":[{"count":6,"href":"https:\/\/astrea-apotheke.ch\/fr\/wp-json\/wp\/v2\/pages\/30772\/revisions"}],"predecessor-version":[{"id":34042,"href":"https:\/\/astrea-apotheke.ch\/fr\/wp-json\/wp\/v2\/pages\/30772\/revisions\/34042"}],"wp:attachment":[{"href":"https:\/\/astrea-apotheke.ch\/fr\/wp-json\/wp\/v2\/media?parent=30772"}],"curies":[{"name":"wp","href":"https:\/\/api.w.org\/{rel}","templated":true}]}}