{"id":32521,"date":"2025-05-08T16:46:43","date_gmt":"2025-05-08T14:46:43","guid":{"rendered":"https:\/\/astrea-apotheke.ch\/?page_id=32521"},"modified":"2025-05-08T20:13:27","modified_gmt":"2025-05-08T18:13:27","slug":"sondage","status":"publish","type":"page","link":"https:\/\/astrea-apotheke.ch\/fr\/sondage\/","title":{"rendered":"Sondage"},"content":{"rendered":"<p><div class=\"fusion-fullwidth fullwidth-box fusion-builder-row-1 fusion-flex-container has-pattern-background has-mask-background nonhundred-percent-fullwidth non-hundred-percent-height-scrolling\" style=\"--awb-border-radius-top-left:0px;--awb-border-radius-top-right:0px;--awb-border-radius-bottom-right:0px;--awb-border-radius-bottom-left:0px;--awb-flex-wrap:wrap;\" ><div class=\"fusion-builder-row fusion-row fusion-flex-align-items-flex-start fusion-flex-content-wrap\" style=\"max-width:1302px;margin-left: calc(-5% \/ 2 );margin-right: calc(-5% \/ 2 );\"><div class=\"fusion-layout-column fusion_builder_column fusion-builder-column-0 fusion_builder_column_1_1 1_1 fusion-flex-column\" style=\"--awb-bg-size:cover;--awb-width-large:100%;--awb-margin-top-large:0px;--awb-spacing-right-large:2.375%;--awb-margin-bottom-large:0px;--awb-spacing-left-large:2.375%;--awb-width-medium:100%;--awb-order-medium:0;--awb-spacing-right-medium:2.375%;--awb-spacing-left-medium:2.375%;--awb-width-small:100%;--awb-order-small:0;--awb-spacing-right-small:2.375%;--awb-spacing-left-small:2.375%;\"><div class=\"fusion-column-wrapper fusion-column-has-shadow fusion-flex-justify-content-flex-start fusion-content-layout-column\"><nav class=\"fusion-breadcrumbs awb-yoast-breadcrumbs fusion-breadcrumbs-1\" style=\"--awb-margin-top:20px;--awb-margin-bottom:20px;--awb-text-color:var(--awb-color5);--awb-breadcrumb-sep:&#039;\/\/&#039;;\" aria-label=\"Breadcrumb\"><span><span><a href=\"https:\/\/astrea-apotheke.ch\/fr\/\">Startseite<\/a><\/span><\/span><\/nav><div id=\"astre-3158039009\" style=\"margin-top: 60px;margin-bottom: 60px;margin-left: auto;margin-right: auto;text-align: center;\"><a href=\"https:\/\/skyvell.com\" target=\"_blank\" aria-label=\"#Skyvell_Newsletter_DE_1\"><img class=\"lazyload\" decoding=\"async\" src=\"https:\/\/astrea-apotheke.ch\/wp-content\/uploads\/2025\/01\/Skyvell_Newsletter_DE_1.jpg\" data-orig-src=\"https:\/\/astrea-apotheke.ch\/wp-content\/uploads\/2025\/01\/Skyvell_Newsletter_DE_1.jpg\" alt=\"\"  srcset=\"data:image\/svg+xml,%3Csvg%20xmlns%3D%27http%3A%2F%2Fwww.w3.org%2F2000%2Fsvg%27%20width%3D%271025%27%20height%3D%27350%27%20viewBox%3D%270%200%201025%20350%27%3E%3Crect%20width%3D%271025%27%20height%3D%27350%27%20fill-opacity%3D%220%22%2F%3E%3C%2Fsvg%3E\" data-srcset=\"https:\/\/astrea-apotheke.ch\/wp-content\/uploads\/2025\/01\/Skyvell_Newsletter_DE_1-200x68.jpg 200w, https:\/\/astrea-apotheke.ch\/wp-content\/uploads\/2025\/01\/Skyvell_Newsletter_DE_1-300x102.jpg 300w, https:\/\/astrea-apotheke.ch\/wp-content\/uploads\/2025\/01\/Skyvell_Newsletter_DE_1-400x137.jpg 400w, https:\/\/astrea-apotheke.ch\/wp-content\/uploads\/2025\/01\/Skyvell_Newsletter_DE_1-600x205.jpg 600w, https:\/\/astrea-apotheke.ch\/wp-content\/uploads\/2025\/01\/Skyvell_Newsletter_DE_1-768x262.jpg 768w, https:\/\/astrea-apotheke.ch\/wp-content\/uploads\/2025\/01\/Skyvell_Newsletter_DE_1-800x273.jpg 800w, https:\/\/astrea-apotheke.ch\/wp-content\/uploads\/2025\/01\/Skyvell_Newsletter_DE_1.jpg 1025w\" data-sizes=\"auto\" data-orig-sizes=\"(max-width: 1025px) 100vw, 1025px\" width=\"1025\" height=\"350\"  style=\"display: inline-block;\" \/><\/a><\/div><\/div><\/div><\/div><\/div>\n<div class=\"fusion-fullwidth fullwidth-box fusion-builder-row-2 fusion-flex-container has-pattern-background has-mask-background nonhundred-percent-fullwidth non-hundred-percent-height-scrolling\" style=\"--awb-border-radius-top-left:0px;--awb-border-radius-top-right:0px;--awb-border-radius-bottom-right:0px;--awb-border-radius-bottom-left:0px;--awb-flex-wrap:wrap;\" ><div class=\"fusion-builder-row fusion-row fusion-flex-align-items-flex-start fusion-flex-content-wrap\" style=\"max-width:1302px;margin-left: calc(-5% \/ 2 );margin-right: calc(-5% \/ 2 );\"><div class=\"fusion-layout-column fusion_builder_column fusion-builder-column-1 fusion_builder_column_1_1 1_1 fusion-flex-column\" style=\"--awb-bg-size:cover;--awb-width-large:100%;--awb-margin-top-large:0px;--awb-spacing-right-large:2.375%;--awb-margin-bottom-large:0px;--awb-spacing-left-large:2.375%;--awb-width-medium:100%;--awb-order-medium:0;--awb-spacing-right-medium:2.375%;--awb-spacing-left-medium:2.375%;--awb-width-small:100%;--awb-order-small:0;--awb-spacing-right-small:2.375%;--awb-spacing-left-small:2.375%;\"><div class=\"fusion-column-wrapper fusion-column-has-shadow fusion-flex-justify-content-flex-start fusion-content-layout-column\"><div class=\"fusion-title title fusion-title-1 fusion-sep-none fusion-title-text fusion-title-size-one\" style=\"--awb-font-size:var(--awb-typography1-font-size);\"><h1 class=\"fusion-title-heading title-heading-left\" style=\"font-family:var(--awb-typography1-font-family);font-weight:var(--awb-typography1-font-weight);font-style:var(--awb-typography1-font-style);margin:0;font-size:1em;letter-spacing:var(--awb-typography1-letter-spacing);line-height:var(--awb-typography1-line-height);\">Sondage<\/h1><\/div>\n<div class=\"fusion-text fusion-text-1\"><section>\n<div class=\"row\">\n<div class=\"col-md-12\">\n<div class=\"one-coulms\">\n<div class=\"gallery-item post-22028 page type-page status-publish hentry\">\n<div class=\"grid-item-holder\">\n<article>\n<div class=\"blog-text\">\n<div class=\"wp-block-columns has-roboto-font-family is-layout-flex wp-container-2 wp-block-columns-is-layout-flex\">\n<div class=\"wp-block-column is-layout-flow wp-block-column-is-layout-flow\">\n<h4 class=\"p1\"><strong>Votre avis nous int\u00e9resse \u2013 Avec un peu de chance, gagnez un week-end pour deux!<\/strong><\/h4>\n<h4 class=\"p1\">Contribuez \u00e0 l\u2019\u00e9volution d\u2019astreaPHARMACIE: dites-nous quels sujets vous inspirent et ce que vous aimeriez retrouver dans notre magazine.<\/h4>\n<h4 class=\"p1\"><i>Rejoignez-nous d\u00e8s maintenant!<\/i>\u00a0<a href=\"https:\/\/docs.google.com\/forms\/d\/e\/1FAIpQLScRauXsDvcAb2vzRa78jqM441QoGsVSLk6wY6f04i3auvDuoQ\/viewform?usp=headerHerzliche\">Vers le sondage<\/a><\/h4>\n<p>Afin de pouvoir vous proposer encore plus de sujets passionnants et de conseils utiles, nous r\u00e9alisons un grand sondage aupr\u00e8s de notre client\u00e8le. Qu\u2019est-ce qui vous enthousiasme dans notre magazine? Quels th\u00e8mes aimeriez-vous que l\u2019on aborde plus souvent? Vos envies comptent! Nutrition, bien-\u00eatre mental, sport, th\u00e9rapies innovantes\u2026 vos suggestions sont les bienvenues, elles sont pr\u00e9cieuses pour enrichir et faire grandir astreaPHARMACIE. Un grand merci pour votre participation \u00e0 notre enqu\u00eate \u2013 votre contribution nous tient vraiment \u00e0 coeur. En guise de remerciement, tous les participants prendront automatiquement part au tirage au sort. <strong>Participer <\/strong><strong>en vaut la peine!<\/strong><\/p>\n<\/div>\n<\/div>\n<\/div>\n<\/article>\n<article>\n<div class=\"blog-text\">\n<div class=\"wp-block-columns has-roboto-font-family is-layout-flex wp-container-2 wp-block-columns-is-layout-flex\">\n<div class=\"wp-block-column is-layout-flow wp-block-column-is-layout-flow\">\n<div class=\"wp-block-spacer\" aria-hidden=\"true\"><\/div>\n<\/div>\n<\/div>\n<div class=\"clearfix\"><\/div>\n<\/div>\n<\/article>\n<\/div>\n<\/div>\n<\/div>\n<\/div>\n<\/div>\n<\/section>\n<\/div><div class=\"fusion-text fusion-text-2\"><section>\n<div class=\"row\">\n<div class=\"col-md-12\">\n<div class=\"one-coulms\">\n<div class=\"gallery-item post-22028 page type-page status-publish hentry\">\n<div class=\"grid-item-holder\">\n<article>\n<div class=\"blog-text\">\n<div class=\"wp-block-columns has-roboto-font-family is-layout-flex wp-container-2 wp-block-columns-is-layout-flex\">\n<div class=\"wp-block-column is-layout-flow wp-block-column-is-layout-flow\">\n<p><strong>Une escapade gourmande et \u00e9coresponsable \u00e0 la chartreuse d\u2019Ittingen.<\/strong> Nich\u00e9e dans un \u00e9crin naturel idyllique de la Thurgovie, des murs charg\u00e9s d\u2019histoire, ce lieu d\u00e9di\u00e9 autrefois au recueillement des moines ouvre aujourd\u2019hui ses portes \u00e0 deux personnes pour une pause hors du temps. Une nuit qui restera longtemps grav\u00e9e dans les m\u00e9moires. Un petit-d\u00e9jeuner compos\u00e9 de produits du domaine, un menu \u00e0 3 plats au restaurant Mu\u0308hle, un ap\u00e9ritif \u00abIttinger Blu\u0308tenzauber\u00bb, une visite du mus\u00e9e, \u00abchemin vert\u00bb et des balades \u00e0 v\u00e9lo rendront votre s\u00e9jour inoubliable. En tant que membre du r\u00e9seau des \u00abH\u00f4tels Responsables de Suisse\u00bb, l\u2019\u00e9tablissement incarne pleinement ses engagements \u00e9cologiques et sociaux. <strong>kartause.ch<\/strong><\/p>\n<div class=\"wp-block-spacer\" aria-hidden=\"true\"><\/div>\n<\/div>\n<\/div>\n<div class=\"clearfix\"><\/div>\n<\/div>\n<\/article>\n<\/div>\n<\/div>\n<\/div>\n<\/div>\n<\/div>\n<\/section>\n<\/div><div class=\"fusion-image-element \" style=\"--awb-caption-title-font-family:var(--h2_typography-font-family);--awb-caption-title-font-weight:var(--h2_typography-font-weight);--awb-caption-title-font-style:var(--h2_typography-font-style);--awb-caption-title-size:var(--h2_typography-font-size);--awb-caption-title-transform:var(--h2_typography-text-transform);--awb-caption-title-line-height:var(--h2_typography-line-height);--awb-caption-title-letter-spacing:var(--h2_typography-letter-spacing);\"><span class=\" fusion-imageframe imageframe-none imageframe-1 hover-type-none\"><a class=\"fusion-no-lightbox\" href=\"www.kartause.ch\" target=\"_self\" aria-label=\"Kartause Ittingen\"><img decoding=\"async\" width=\"300\" height=\"200\" src=\"data:image\/svg+xml,%3Csvg%20xmlns%3D%27http%3A%2F%2Fwww.w3.org%2F2000%2Fsvg%27%20width%3D%272560%27%20height%3D%271706%27%20viewBox%3D%270%200%202560%201706%27%3E%3Crect%20width%3D%272560%27%20height%3D%271706%27%20fill-opacity%3D%220%22%2F%3E%3C%2Fsvg%3E\" data-orig-src=\"https:\/\/astrea-apotheke.ch\/wp-content\/uploads\/2025\/05\/Kartause-Ittingen-300x200.jpg\" alt class=\"lazyload img-responsive wp-image-32515\"\/><\/a><\/span><\/div><a class=\"fusion-one-page-text-link\" href=\"www.kartause.ch\">www.kartause.ch<\/a><\/div><\/div><\/div><\/div><\/p>\n","protected":false},"excerpt":{"rendered":"","protected":false},"author":2,"featured_media":0,"parent":0,"menu_order":0,"comment_status":"closed","ping_status":"closed","template":"100-width.php","meta":{"_acf_changed":false,"footnotes":""},"class_list":["post-32521","page","type-page","status-publish","hentry"],"acf":[],"yoast_head":"<!-- This site is optimized with the Yoast SEO plugin v27.0 - https:\/\/yoast.com\/product\/yoast-seo-wordpress\/ -->\n<title>Sondage - Astrea Aptheke<\/title>\n<meta name=\"description\" content=\"Erfahren Sie die aktuellen Insertionsbedingungen der Healthcare Consulting Group AG, g\u00fcltig ab dem 1. September 2023.\" \/>\n<meta name=\"robots\" content=\"index, follow, max-snippet:-1, max-image-preview:large, max-video-preview:-1\" \/>\n<link rel=\"canonical\" href=\"https:\/\/astrea-apotheke.ch\/fr\/sondage\/\" \/>\n<meta property=\"og:locale\" content=\"fr_FR\" \/>\n<meta property=\"og:type\" content=\"article\" \/>\n<meta property=\"og:title\" content=\"Sondage - Astrea Aptheke\" \/>\n<meta property=\"og:description\" content=\"Erfahren Sie die aktuellen Insertionsbedingungen der Healthcare Consulting Group AG, g\u00fcltig ab dem 1. September 2023.\" \/>\n<meta property=\"og:url\" content=\"https:\/\/astrea-apotheke.ch\/fr\/sondage\/\" \/>\n<meta property=\"og:site_name\" content=\"Astrea Aptheke\" \/>\n<meta property=\"article:modified_time\" content=\"2025-05-08T18:13:27+00:00\" \/>\n<meta name=\"twitter:card\" content=\"summary_large_image\" \/>\n<meta name=\"twitter:label1\" content=\"Dur\u00e9e de lecture estim\u00e9e\" \/>\n\t<meta name=\"twitter:data1\" content=\"2 minutes\" \/>\n<script type=\"application\/ld+json\" class=\"yoast-schema-graph\">{\"@context\":\"https:\/\/schema.org\",\"@graph\":[{\"@type\":\"WebPage\",\"@id\":\"https:\/\/astrea-apotheke.ch\/fr\/sondage\/\",\"url\":\"https:\/\/astrea-apotheke.ch\/fr\/sondage\/\",\"name\":\"Sondage - Astrea Aptheke\",\"isPartOf\":{\"@id\":\"https:\/\/astrea-apotheke.ch\/fr\/#website\"},\"datePublished\":\"2025-05-08T14:46:43+00:00\",\"dateModified\":\"2025-05-08T18:13:27+00:00\",\"description\":\"Erfahren Sie die aktuellen Insertionsbedingungen der Healthcare Consulting Group AG, g\u00fcltig ab dem 1. September 2023.\",\"breadcrumb\":{\"@id\":\"https:\/\/astrea-apotheke.ch\/fr\/sondage\/#breadcrumb\"},\"inLanguage\":\"fr-FR\",\"potentialAction\":[{\"@type\":\"ReadAction\",\"target\":[\"https:\/\/astrea-apotheke.ch\/fr\/sondage\/\"]}]},{\"@type\":\"BreadcrumbList\",\"@id\":\"https:\/\/astrea-apotheke.ch\/fr\/sondage\/#breadcrumb\",\"itemListElement\":[{\"@type\":\"ListItem\",\"position\":1,\"name\":\"Startseite\",\"item\":\"https:\/\/astrea-apotheke.ch\/fr\/\"},{\"@type\":\"ListItem\",\"position\":2,\"name\":\"Sondage\"}]},{\"@type\":\"WebSite\",\"@id\":\"https:\/\/astrea-apotheke.ch\/fr\/#website\",\"url\":\"https:\/\/astrea-apotheke.ch\/fr\/\",\"name\":\"astrea Bulletin\",\"description\":\"Gesundheitsmagazin\",\"publisher\":{\"@id\":\"https:\/\/astrea-apotheke.ch\/fr\/#organization\"},\"potentialAction\":[{\"@type\":\"SearchAction\",\"target\":{\"@type\":\"EntryPoint\",\"urlTemplate\":\"https:\/\/astrea-apotheke.ch\/fr\/?s={search_term_string}\"},\"query-input\":{\"@type\":\"PropertyValueSpecification\",\"valueRequired\":true,\"valueName\":\"search_term_string\"}}],\"inLanguage\":\"fr-FR\"},{\"@type\":\"Organization\",\"@id\":\"https:\/\/astrea-apotheke.ch\/fr\/#organization\",\"name\":\"astrea Bulletin\",\"url\":\"https:\/\/astrea-apotheke.ch\/fr\/\",\"logo\":{\"@type\":\"ImageObject\",\"inLanguage\":\"fr-FR\",\"@id\":\"https:\/\/astrea-apotheke.ch\/fr\/#\/schema\/logo\/image\/\",\"url\":\"http:\/\/apotheke.astrea-bulletin.ch\/wp-content\/uploads\/2024\/08\/Logo_Astrea-Bulletin_RGB.jpg\",\"contentUrl\":\"http:\/\/apotheke.astrea-bulletin.ch\/wp-content\/uploads\/2024\/08\/Logo_Astrea-Bulletin_RGB.jpg\",\"width\":1429,\"height\":560,\"caption\":\"astrea Bulletin\"},\"image\":{\"@id\":\"https:\/\/astrea-apotheke.ch\/fr\/#\/schema\/logo\/image\/\"}}]}<\/script>\n<!-- \/ Yoast SEO plugin. -->","yoast_head_json":{"title":"Sondage - Astrea Aptheke","description":"Erfahren Sie die aktuellen Insertionsbedingungen der Healthcare Consulting Group AG, g\u00fcltig ab dem 1. September 2023.","robots":{"index":"index","follow":"follow","max-snippet":"max-snippet:-1","max-image-preview":"max-image-preview:large","max-video-preview":"max-video-preview:-1"},"canonical":"https:\/\/astrea-apotheke.ch\/fr\/sondage\/","og_locale":"fr_FR","og_type":"article","og_title":"Sondage - Astrea Aptheke","og_description":"Erfahren Sie die aktuellen Insertionsbedingungen der Healthcare Consulting Group AG, g\u00fcltig ab dem 1. September 2023.","og_url":"https:\/\/astrea-apotheke.ch\/fr\/sondage\/","og_site_name":"Astrea Aptheke","article_modified_time":"2025-05-08T18:13:27+00:00","twitter_card":"summary_large_image","twitter_misc":{"Dur\u00e9e de lecture estim\u00e9e":"2 minutes"},"schema":{"@context":"https:\/\/schema.org","@graph":[{"@type":"WebPage","@id":"https:\/\/astrea-apotheke.ch\/fr\/sondage\/","url":"https:\/\/astrea-apotheke.ch\/fr\/sondage\/","name":"Sondage - Astrea Aptheke","isPartOf":{"@id":"https:\/\/astrea-apotheke.ch\/fr\/#website"},"datePublished":"2025-05-08T14:46:43+00:00","dateModified":"2025-05-08T18:13:27+00:00","description":"Erfahren Sie die aktuellen Insertionsbedingungen der Healthcare Consulting Group AG, g\u00fcltig ab dem 1. September 2023.","breadcrumb":{"@id":"https:\/\/astrea-apotheke.ch\/fr\/sondage\/#breadcrumb"},"inLanguage":"fr-FR","potentialAction":[{"@type":"ReadAction","target":["https:\/\/astrea-apotheke.ch\/fr\/sondage\/"]}]},{"@type":"BreadcrumbList","@id":"https:\/\/astrea-apotheke.ch\/fr\/sondage\/#breadcrumb","itemListElement":[{"@type":"ListItem","position":1,"name":"Startseite","item":"https:\/\/astrea-apotheke.ch\/fr\/"},{"@type":"ListItem","position":2,"name":"Sondage"}]},{"@type":"WebSite","@id":"https:\/\/astrea-apotheke.ch\/fr\/#website","url":"https:\/\/astrea-apotheke.ch\/fr\/","name":"astrea Bulletin","description":"Gesundheitsmagazin","publisher":{"@id":"https:\/\/astrea-apotheke.ch\/fr\/#organization"},"potentialAction":[{"@type":"SearchAction","target":{"@type":"EntryPoint","urlTemplate":"https:\/\/astrea-apotheke.ch\/fr\/?s={search_term_string}"},"query-input":{"@type":"PropertyValueSpecification","valueRequired":true,"valueName":"search_term_string"}}],"inLanguage":"fr-FR"},{"@type":"Organization","@id":"https:\/\/astrea-apotheke.ch\/fr\/#organization","name":"astrea Bulletin","url":"https:\/\/astrea-apotheke.ch\/fr\/","logo":{"@type":"ImageObject","inLanguage":"fr-FR","@id":"https:\/\/astrea-apotheke.ch\/fr\/#\/schema\/logo\/image\/","url":"http:\/\/apotheke.astrea-bulletin.ch\/wp-content\/uploads\/2024\/08\/Logo_Astrea-Bulletin_RGB.jpg","contentUrl":"http:\/\/apotheke.astrea-bulletin.ch\/wp-content\/uploads\/2024\/08\/Logo_Astrea-Bulletin_RGB.jpg","width":1429,"height":560,"caption":"astrea Bulletin"},"image":{"@id":"https:\/\/astrea-apotheke.ch\/fr\/#\/schema\/logo\/image\/"}}]}},"_links":{"self":[{"href":"https:\/\/astrea-apotheke.ch\/fr\/wp-json\/wp\/v2\/pages\/32521","targetHints":{"allow":["GET"]}}],"collection":[{"href":"https:\/\/astrea-apotheke.ch\/fr\/wp-json\/wp\/v2\/pages"}],"about":[{"href":"https:\/\/astrea-apotheke.ch\/fr\/wp-json\/wp\/v2\/types\/page"}],"author":[{"embeddable":true,"href":"https:\/\/astrea-apotheke.ch\/fr\/wp-json\/wp\/v2\/users\/2"}],"replies":[{"embeddable":true,"href":"https:\/\/astrea-apotheke.ch\/fr\/wp-json\/wp\/v2\/comments?post=32521"}],"version-history":[{"count":5,"href":"https:\/\/astrea-apotheke.ch\/fr\/wp-json\/wp\/v2\/pages\/32521\/revisions"}],"predecessor-version":[{"id":32542,"href":"https:\/\/astrea-apotheke.ch\/fr\/wp-json\/wp\/v2\/pages\/32521\/revisions\/32542"}],"wp:attachment":[{"href":"https:\/\/astrea-apotheke.ch\/fr\/wp-json\/wp\/v2\/media?parent=32521"}],"curies":[{"name":"wp","href":"https:\/\/api.w.org\/{rel}","templated":true}]}}